{"id":96,"date":"2025-06-15T19:32:27","date_gmt":"2025-06-15T17:32:27","guid":{"rendered":"https:\/\/yaokaessence.com\/?post_type=product&#038;p=96"},"modified":"2025-06-22T13:57:58","modified_gmt":"2025-06-22T18:57:58","slug":"philos-opus-noir","status":"publish","type":"product","link":"https:\/\/yaokaessence.com\/?product=philos-opus-noir","title":{"rendered":"Philos Opus Noir\u00a0"},"content":{"rendered":"<p><b>Philos Opus Noir<\/b>\u00a0de\u00a0<b>Maison Alhambra<\/b>\u00a0es una fragancia de la familia olfativa Amaderada Arom\u00e1tica para Hombres y Mujeres.\u00a0<b>Philos Opus Noir<\/b>\u00a0se lanz\u00f3 en 2022. Las Notas de Salida son frutas y rosa turca; las Notas de Coraz\u00f3n son cuero, ylang-ylang, nuez moscada y \u00e1mbar; las Notas de Fondo son vetiver, pachul\u00ed, cedro, vainilla y almizcle.<\/p>\n","protected":false},"excerpt":{"rendered":"<p><b>Philos Opus Noir<\/b>\u00a0de\u00a0<b>Maison Alhambra<\/b><\/p>\n","protected":false},"featured_media":144,"comment_status":"closed","ping_status":"closed","template":"","meta":{"_kad_post_transparent":"","_kad_post_title":"","_kad_post_layout":"","_kad_post_sidebar_id":"","_kad_post_content_style":"","_kad_post_vertical_padding":"","_kad_post_feature":"","_kad_post_feature_position":"","_kad_post_header":false,"_kad_post_footer":false},"product_brand":[],"product_cat":[36,37,39,18,21,17,19],"product_tag":[],"class_list":{"0":"post-96","1":"product","2":"type-product","3":"status-publish","4":"has-post-thumbnail","6":"product_cat-dulce","7":"product_cat-floral","8":"product_cat-frutal","9":"product_cat-hombres","10":"product_cat-maison-alhambra","11":"product_cat-mujeres","12":"product_cat-unisex","14":"first","15":"instock","16":"sale","17":"sold-individually","18":"shipping-taxable","19":"purchasable","20":"product-type-simple","21":"entry","22":"content-bg","23":"loop-entry"},"_links":{"self":[{"href":"https:\/\/yaokaessence.com\/index.php?rest_route=\/wp\/v2\/product\/96","targetHints":{"allow":["GET"]}}],"collection":[{"href":"https:\/\/yaokaessence.com\/index.php?rest_route=\/wp\/v2\/product"}],"about":[{"href":"https:\/\/yaokaessence.com\/index.php?rest_route=\/wp\/v2\/types\/product"}],"replies":[{"embeddable":true,"href":"https:\/\/yaokaessence.com\/index.php?rest_route=%2Fwp%2Fv2%2Fcomments&post=96"}],"wp:featuredmedia":[{"embeddable":true,"href":"https:\/\/yaokaessence.com\/index.php?rest_route=\/wp\/v2\/media\/144"}],"wp:attachment":[{"href":"https:\/\/yaokaessence.com\/index.php?rest_route=%2Fwp%2Fv2%2Fmedia&parent=96"}],"wp:term":[{"taxonomy":"product_brand","embeddable":true,"href":"https:\/\/yaokaessence.com\/index.php?rest_route=%2Fwp%2Fv2%2Fproduct_brand&post=96"},{"taxonomy":"product_cat","embeddable":true,"href":"https:\/\/yaokaessence.com\/index.php?rest_route=%2Fwp%2Fv2%2Fproduct_cat&post=96"},{"taxonomy":"product_tag","embeddable":true,"href":"https:\/\/yaokaessence.com\/index.php?rest_route=%2Fwp%2Fv2%2Fproduct_tag&post=96"}],"curies":[{"name":"wp","href":"https:\/\/api.w.org\/{rel}","templated":true}]}}