{"id":93,"date":"2025-06-15T19:32:27","date_gmt":"2025-06-15T17:32:27","guid":{"rendered":"https:\/\/yaokaessence.com\/?post_type=product&#038;p=93"},"modified":"2025-06-22T14:00:01","modified_gmt":"2025-06-22T19:00:01","slug":"now-rouge-de-rave","status":"publish","type":"product","link":"https:\/\/yaokaessence.com\/?product=now-rouge-de-rave","title":{"rendered":"Now Rouge\u00a0de\u00a0RAVE"},"content":{"rendered":"<p><b>Now Rouge<\/b>\u00a0de\u00a0<b>RAVE<\/b>\u00a0es una fragancia de la familia olfativa Floral para Hombres y Mujeres. Esta fragrancia es nueva.\u00a0<b>Now Rouge<\/b>\u00a0se lanz\u00f3 en 2022. Las Notas de Salida son Notas bals\u00e1micas y notas herbales; las Notas de Coraz\u00f3n son resinas y iris; las Notas de Fondo son notas amaderadas y s\u00e1ndalo.<\/p>\n","protected":false},"excerpt":{"rendered":"<p><b>Now Rouge<\/b>\u00a0de\u00a0<b>RAVE<\/b><\/p>\n","protected":false},"featured_media":141,"comment_status":"closed","ping_status":"closed","template":"","meta":{"_kad_post_transparent":"","_kad_post_title":"","_kad_post_layout":"","_kad_post_sidebar_id":"","_kad_post_content_style":"","_kad_post_vertical_padding":"","_kad_post_feature":"","_kad_post_feature_position":"","_kad_post_header":false,"_kad_post_footer":false},"product_brand":[],"product_cat":[43,37,18,16,17,19],"product_tag":[],"class_list":{"0":"post-93","1":"product","2":"type-product","3":"status-publish","4":"has-post-thumbnail","6":"product_cat-ambarado","7":"product_cat-floral","8":"product_cat-hombres","9":"product_cat-lattafa","10":"product_cat-mujeres","11":"product_cat-unisex","13":"first","14":"instock","15":"sale","16":"sold-individually","17":"shipping-taxable","18":"purchasable","19":"product-type-simple","20":"entry","21":"content-bg","22":"loop-entry"},"_links":{"self":[{"href":"https:\/\/yaokaessence.com\/index.php?rest_route=\/wp\/v2\/product\/93","targetHints":{"allow":["GET"]}}],"collection":[{"href":"https:\/\/yaokaessence.com\/index.php?rest_route=\/wp\/v2\/product"}],"about":[{"href":"https:\/\/yaokaessence.com\/index.php?rest_route=\/wp\/v2\/types\/product"}],"replies":[{"embeddable":true,"href":"https:\/\/yaokaessence.com\/index.php?rest_route=%2Fwp%2Fv2%2Fcomments&post=93"}],"wp:featuredmedia":[{"embeddable":true,"href":"https:\/\/yaokaessence.com\/index.php?rest_route=\/wp\/v2\/media\/141"}],"wp:attachment":[{"href":"https:\/\/yaokaessence.com\/index.php?rest_route=%2Fwp%2Fv2%2Fmedia&parent=93"}],"wp:term":[{"taxonomy":"product_brand","embeddable":true,"href":"https:\/\/yaokaessence.com\/index.php?rest_route=%2Fwp%2Fv2%2Fproduct_brand&post=93"},{"taxonomy":"product_cat","embeddable":true,"href":"https:\/\/yaokaessence.com\/index.php?rest_route=%2Fwp%2Fv2%2Fproduct_cat&post=93"},{"taxonomy":"product_tag","embeddable":true,"href":"https:\/\/yaokaessence.com\/index.php?rest_route=%2Fwp%2Fv2%2Fproduct_tag&post=93"}],"curies":[{"name":"wp","href":"https:\/\/api.w.org\/{rel}","templated":true}]}}