{"id":92,"date":"2025-06-15T19:32:27","date_gmt":"2025-06-15T17:32:27","guid":{"rendered":"https:\/\/yaokaessence.com\/?post_type=product&#038;p=92"},"modified":"2025-06-22T14:01:08","modified_gmt":"2025-06-22T19:01:08","slug":"now-women-de-rave","status":"publish","type":"product","link":"https:\/\/yaokaessence.com\/?product=now-women-de-rave","title":{"rendered":"Now Women\u00a0de\u00a0RAVE"},"content":{"rendered":"<p><b>Now Women<\/b>\u00a0de\u00a0<b>RAVE<\/b>\u00a0es una fragancia de la familia olfativa para Mujeres. Esta fragrancia es nueva.\u00a0<b>Now Women<\/b>\u00a0se lanz\u00f3 en 2023. Las Notas de Salida son Frutas rojas y naranja; las Notas de Coraz\u00f3n son malvavisco (bomb\u00f3n), jazm\u00edn y lirio de los valles (muguete); las Notas de Fondo son vainilla, almizcle y musgo.<\/p>\n","protected":false},"excerpt":{"rendered":"<p><b>Now Women<\/b>\u00a0de\u00a0<b>RAVE<\/b><\/p>\n","protected":false},"featured_media":140,"comment_status":"closed","ping_status":"closed","template":"","meta":{"_kad_post_transparent":"","_kad_post_title":"","_kad_post_layout":"","_kad_post_sidebar_id":"","_kad_post_content_style":"","_kad_post_vertical_padding":"","_kad_post_feature":"","_kad_post_feature_position":"","_kad_post_header":false,"_kad_post_footer":false},"product_brand":[],"product_cat":[54,40,36,37,39,16,17],"product_tag":[],"class_list":{"0":"post-92","1":"product","2":"type-product","3":"status-publish","4":"has-post-thumbnail","6":"product_cat-atalcado","7":"product_cat-avainillado","8":"product_cat-dulce","9":"product_cat-floral","10":"product_cat-frutal","11":"product_cat-lattafa","12":"product_cat-mujeres","14":"first","15":"instock","16":"sale","17":"sold-individually","18":"shipping-taxable","19":"purchasable","20":"product-type-simple","21":"entry","22":"content-bg","23":"loop-entry"},"_links":{"self":[{"href":"https:\/\/yaokaessence.com\/index.php?rest_route=\/wp\/v2\/product\/92","targetHints":{"allow":["GET"]}}],"collection":[{"href":"https:\/\/yaokaessence.com\/index.php?rest_route=\/wp\/v2\/product"}],"about":[{"href":"https:\/\/yaokaessence.com\/index.php?rest_route=\/wp\/v2\/types\/product"}],"replies":[{"embeddable":true,"href":"https:\/\/yaokaessence.com\/index.php?rest_route=%2Fwp%2Fv2%2Fcomments&post=92"}],"wp:featuredmedia":[{"embeddable":true,"href":"https:\/\/yaokaessence.com\/index.php?rest_route=\/wp\/v2\/media\/140"}],"wp:attachment":[{"href":"https:\/\/yaokaessence.com\/index.php?rest_route=%2Fwp%2Fv2%2Fmedia&parent=92"}],"wp:term":[{"taxonomy":"product_brand","embeddable":true,"href":"https:\/\/yaokaessence.com\/index.php?rest_route=%2Fwp%2Fv2%2Fproduct_brand&post=92"},{"taxonomy":"product_cat","embeddable":true,"href":"https:\/\/yaokaessence.com\/index.php?rest_route=%2Fwp%2Fv2%2Fproduct_cat&post=92"},{"taxonomy":"product_tag","embeddable":true,"href":"https:\/\/yaokaessence.com\/index.php?rest_route=%2Fwp%2Fv2%2Fproduct_tag&post=92"}],"curies":[{"name":"wp","href":"https:\/\/api.w.org\/{rel}","templated":true}]}}