{"id":91,"date":"2025-06-15T19:32:27","date_gmt":"2025-06-15T17:32:27","guid":{"rendered":"https:\/\/yaokaessence.com\/?post_type=product&#038;p=91"},"modified":"2025-06-22T14:02:25","modified_gmt":"2025-06-22T19:02:25","slug":"khamrah","status":"publish","type":"product","link":"https:\/\/yaokaessence.com\/?product=khamrah","title":{"rendered":"Khamrah\u00a0"},"content":{"rendered":"<p><b>Khamrah<\/b>\u00a0de\u00a0<b>Lattafa Perfumes<\/b>\u00a0es una fragancia de la familia olfativa Oriental Especiada para Hombres y Mujeres. Esta fragrancia es nueva.\u00a0<b>Khamrah<\/b>\u00a0se lanz\u00f3 en 2022. Las Notas de Salida son canela, nuez moscada y bergamota; las Notas de Coraz\u00f3n son d\u00e1tiles, pralin\u00e9, nardos y Mahonial; las Notas de Fondo son vainilla, haba tonka, Amberwood, mirra, benju\u00ed y Akigalawood.<\/p>\n","protected":false},"excerpt":{"rendered":"<p><b>Khamrah<\/b>\u00a0de\u00a0<b>Lattafa Perfumes<\/b><\/p>\n","protected":false},"featured_media":139,"comment_status":"closed","ping_status":"closed","template":"","meta":{"_kad_post_transparent":"","_kad_post_title":"","_kad_post_layout":"","_kad_post_sidebar_id":"","_kad_post_content_style":"","_kad_post_vertical_padding":"","_kad_post_feature":"","_kad_post_feature_position":"","_kad_post_header":false,"_kad_post_footer":false},"product_brand":[],"product_cat":[43,40,42,18,16,17,19],"product_tag":[],"class_list":{"0":"post-91","1":"product","2":"type-product","3":"status-publish","4":"has-post-thumbnail","6":"product_cat-ambarado","7":"product_cat-avainillado","8":"product_cat-especiado","9":"product_cat-hombres","10":"product_cat-lattafa","11":"product_cat-mujeres","12":"product_cat-unisex","14":"first","15":"instock","16":"sale","17":"sold-individually","18":"shipping-taxable","19":"purchasable","20":"product-type-simple","21":"entry","22":"content-bg","23":"loop-entry"},"_links":{"self":[{"href":"https:\/\/yaokaessence.com\/index.php?rest_route=\/wp\/v2\/product\/91","targetHints":{"allow":["GET"]}}],"collection":[{"href":"https:\/\/yaokaessence.com\/index.php?rest_route=\/wp\/v2\/product"}],"about":[{"href":"https:\/\/yaokaessence.com\/index.php?rest_route=\/wp\/v2\/types\/product"}],"replies":[{"embeddable":true,"href":"https:\/\/yaokaessence.com\/index.php?rest_route=%2Fwp%2Fv2%2Fcomments&post=91"}],"wp:featuredmedia":[{"embeddable":true,"href":"https:\/\/yaokaessence.com\/index.php?rest_route=\/wp\/v2\/media\/139"}],"wp:attachment":[{"href":"https:\/\/yaokaessence.com\/index.php?rest_route=%2Fwp%2Fv2%2Fmedia&parent=91"}],"wp:term":[{"taxonomy":"product_brand","embeddable":true,"href":"https:\/\/yaokaessence.com\/index.php?rest_route=%2Fwp%2Fv2%2Fproduct_brand&post=91"},{"taxonomy":"product_cat","embeddable":true,"href":"https:\/\/yaokaessence.com\/index.php?rest_route=%2Fwp%2Fv2%2Fproduct_cat&post=91"},{"taxonomy":"product_tag","embeddable":true,"href":"https:\/\/yaokaessence.com\/index.php?rest_route=%2Fwp%2Fv2%2Fproduct_tag&post=91"}],"curies":[{"name":"wp","href":"https:\/\/api.w.org\/{rel}","templated":true}]}}