{"id":87,"date":"2025-06-15T19:32:27","date_gmt":"2025-06-15T17:32:27","guid":{"rendered":"https:\/\/yaokaessence.com\/?post_type=product&#038;p=87"},"modified":"2025-06-21T12:10:28","modified_gmt":"2025-06-21T17:10:28","slug":"barakkat-rouge-540","status":"publish","type":"product","link":"https:\/\/yaokaessence.com\/?product=barakkat-rouge-540","title":{"rendered":"Barakkat Rouge 540"},"content":{"rendered":"<p><b>Barakkat Rouge 540 Extrait de Parfum<\/b>\u00a0de\u00a0<b>Fragrance World<\/b>\u00a0es una fragancia de la familia olfativa Oriental Amaderada para Hombres y Mujeres.\u00a0<b>Barakkat Rouge 540 Extrait de Parfum<\/b>\u00a0se lanz\u00f3 en 2024. Las Notas de Salida son almendra amarga y azafr\u00e1n; las Notas de Coraz\u00f3n son cedro y jazm\u00edn; las Notas de Fondo son \u00e1mbar gris, notas amaderadas y almizcle.<\/p>\n","protected":false},"excerpt":{"rendered":"<p><b>Barakkat Rouge 540 Extrait de Parfum<\/b>\u00a0de\u00a0<b>Fragrance World<\/b><\/p>\n","protected":false},"featured_media":135,"comment_status":"closed","ping_status":"closed","template":"","meta":{"_kad_post_transparent":"","_kad_post_title":"","_kad_post_layout":"","_kad_post_sidebar_id":"","_kad_post_content_style":"","_kad_post_vertical_padding":"","_kad_post_feature":"","_kad_post_feature_position":"","_kad_post_header":false,"_kad_post_footer":false},"product_brand":[],"product_cat":[20,18,17],"product_tag":[],"class_list":{"0":"post-87","1":"product","2":"type-product","3":"status-publish","4":"has-post-thumbnail","6":"product_cat-fragrance-world","7":"product_cat-hombres","8":"product_cat-mujeres","10":"first","11":"instock","12":"sale","13":"sold-individually","14":"shipping-taxable","15":"purchasable","16":"product-type-simple","17":"entry","18":"content-bg","19":"loop-entry"},"_links":{"self":[{"href":"https:\/\/yaokaessence.com\/index.php?rest_route=\/wp\/v2\/product\/87","targetHints":{"allow":["GET"]}}],"collection":[{"href":"https:\/\/yaokaessence.com\/index.php?rest_route=\/wp\/v2\/product"}],"about":[{"href":"https:\/\/yaokaessence.com\/index.php?rest_route=\/wp\/v2\/types\/product"}],"replies":[{"embeddable":true,"href":"https:\/\/yaokaessence.com\/index.php?rest_route=%2Fwp%2Fv2%2Fcomments&post=87"}],"wp:featuredmedia":[{"embeddable":true,"href":"https:\/\/yaokaessence.com\/index.php?rest_route=\/wp\/v2\/media\/135"}],"wp:attachment":[{"href":"https:\/\/yaokaessence.com\/index.php?rest_route=%2Fwp%2Fv2%2Fmedia&parent=87"}],"wp:term":[{"taxonomy":"product_brand","embeddable":true,"href":"https:\/\/yaokaessence.com\/index.php?rest_route=%2Fwp%2Fv2%2Fproduct_brand&post=87"},{"taxonomy":"product_cat","embeddable":true,"href":"https:\/\/yaokaessence.com\/index.php?rest_route=%2Fwp%2Fv2%2Fproduct_cat&post=87"},{"taxonomy":"product_tag","embeddable":true,"href":"https:\/\/yaokaessence.com\/index.php?rest_route=%2Fwp%2Fv2%2Fproduct_tag&post=87"}],"curies":[{"name":"wp","href":"https:\/\/api.w.org\/{rel}","templated":true}]}}