{"id":83,"date":"2025-06-15T19:32:27","date_gmt":"2025-06-15T17:32:27","guid":{"rendered":"https:\/\/yaokaessence.com\/?post_type=product&#038;p=83"},"modified":"2025-06-21T12:09:32","modified_gmt":"2025-06-21T17:09:32","slug":"emaan","status":"publish","type":"product","link":"https:\/\/yaokaessence.com\/?product=emaan","title":{"rendered":"Emaan\u00a0"},"content":{"rendered":"<p><b>Emaan<\/b>\u00a0de\u00a0<b>Lattafa Perfumes<\/b>\u00a0es una fragancia de la familia olfativa Chipre Floral para Mujeres. Esta fragrancia es nueva.\u00a0<b>Emaan<\/b>\u00a0se lanz\u00f3 en 2022. Las Notas de Salida son flor de azahar del naranjo, bergamota y grosellas negras; las Notas de Coraz\u00f3n son nardos, jazm\u00edn y cal\u00e9ndula; las Notas de Fondo son vainilla, almizcle, pachul\u00ed y cedro<\/p>\n","protected":false},"excerpt":{"rendered":"<p><b>Emaan<\/b>\u00a0de\u00a0<b>Lattafa Perfumes<\/b><\/p>\n","protected":false},"featured_media":126,"comment_status":"closed","ping_status":"closed","template":"","meta":{"_kad_post_transparent":"","_kad_post_title":"","_kad_post_layout":"","_kad_post_sidebar_id":"","_kad_post_content_style":"","_kad_post_vertical_padding":"","_kad_post_feature":"","_kad_post_feature_position":"","_kad_post_header":false,"_kad_post_footer":false},"product_brand":[],"product_cat":[16,17],"product_tag":[],"class_list":{"0":"post-83","1":"product","2":"type-product","3":"status-publish","4":"has-post-thumbnail","6":"product_cat-lattafa","7":"product_cat-mujeres","9":"first","10":"instock","11":"sale","12":"sold-individually","13":"shipping-taxable","14":"purchasable","15":"product-type-simple","16":"entry","17":"content-bg","18":"loop-entry"},"_links":{"self":[{"href":"https:\/\/yaokaessence.com\/index.php?rest_route=\/wp\/v2\/product\/83","targetHints":{"allow":["GET"]}}],"collection":[{"href":"https:\/\/yaokaessence.com\/index.php?rest_route=\/wp\/v2\/product"}],"about":[{"href":"https:\/\/yaokaessence.com\/index.php?rest_route=\/wp\/v2\/types\/product"}],"replies":[{"embeddable":true,"href":"https:\/\/yaokaessence.com\/index.php?rest_route=%2Fwp%2Fv2%2Fcomments&post=83"}],"wp:featuredmedia":[{"embeddable":true,"href":"https:\/\/yaokaessence.com\/index.php?rest_route=\/wp\/v2\/media\/126"}],"wp:attachment":[{"href":"https:\/\/yaokaessence.com\/index.php?rest_route=%2Fwp%2Fv2%2Fmedia&parent=83"}],"wp:term":[{"taxonomy":"product_brand","embeddable":true,"href":"https:\/\/yaokaessence.com\/index.php?rest_route=%2Fwp%2Fv2%2Fproduct_brand&post=83"},{"taxonomy":"product_cat","embeddable":true,"href":"https:\/\/yaokaessence.com\/index.php?rest_route=%2Fwp%2Fv2%2Fproduct_cat&post=83"},{"taxonomy":"product_tag","embeddable":true,"href":"https:\/\/yaokaessence.com\/index.php?rest_route=%2Fwp%2Fv2%2Fproduct_tag&post=83"}],"curies":[{"name":"wp","href":"https:\/\/api.w.org\/{rel}","templated":true}]}}