{"id":81,"date":"2025-06-15T19:32:26","date_gmt":"2025-06-15T17:32:26","guid":{"rendered":"https:\/\/yaokaessence.com\/?post_type=product&#038;p=81"},"modified":"2025-06-22T14:22:20","modified_gmt":"2025-06-22T19:22:20","slug":"qaed-al-fursan-unlimited","status":"publish","type":"product","link":"https:\/\/yaokaessence.com\/?product=qaed-al-fursan-unlimited","title":{"rendered":"Qaed Al Fursan Unlimited\u00a0"},"content":{"rendered":"<p><b>Qaed Al Fursan Unlimited<\/b>\u00a0de\u00a0<b>Lattafa Perfumes<\/b>\u00a0es una fragancia de la familia olfativa Floral Frutal Gourmand para Hombres y Mujeres. Esta fragrancia es nueva.\u00a0<b>Qaed Al Fursan Unlimited<\/b>\u00a0se lanz\u00f3 en 2022. Las Notas de Salida son coco, c\u00edtricos y pi\u00f1a; las Notas de Coraz\u00f3n son ylang-ylang, frangipani (plumeria, plumaria, atapaima) y jazm\u00edn; las Notas de Fondo son vainilla, almizcle, s\u00e1ndalo y notas dulces.<\/p>\n","protected":false},"excerpt":{"rendered":"<p><b>Qaed Al Fursan Unlimited<\/b>\u00a0de\u00a0<b>Lattafa Perfumes<\/b><\/p>\n","protected":false},"featured_media":124,"comment_status":"closed","ping_status":"closed","template":"","meta":{"_kad_post_transparent":"","_kad_post_title":"","_kad_post_layout":"","_kad_post_sidebar_id":"","_kad_post_content_style":"","_kad_post_vertical_padding":"","_kad_post_feature":"","_kad_post_feature_position":"","_kad_post_header":false,"_kad_post_footer":false},"product_brand":[],"product_cat":[54,40,36,39,18,16,17,19],"product_tag":[],"class_list":{"0":"post-81","1":"product","2":"type-product","3":"status-publish","4":"has-post-thumbnail","6":"product_cat-atalcado","7":"product_cat-avainillado","8":"product_cat-dulce","9":"product_cat-frutal","10":"product_cat-hombres","11":"product_cat-lattafa","12":"product_cat-mujeres","13":"product_cat-unisex","15":"first","16":"instock","17":"sale","18":"sold-individually","19":"shipping-taxable","20":"purchasable","21":"product-type-simple","22":"entry","23":"content-bg","24":"loop-entry"},"_links":{"self":[{"href":"https:\/\/yaokaessence.com\/index.php?rest_route=\/wp\/v2\/product\/81","targetHints":{"allow":["GET"]}}],"collection":[{"href":"https:\/\/yaokaessence.com\/index.php?rest_route=\/wp\/v2\/product"}],"about":[{"href":"https:\/\/yaokaessence.com\/index.php?rest_route=\/wp\/v2\/types\/product"}],"replies":[{"embeddable":true,"href":"https:\/\/yaokaessence.com\/index.php?rest_route=%2Fwp%2Fv2%2Fcomments&post=81"}],"wp:featuredmedia":[{"embeddable":true,"href":"https:\/\/yaokaessence.com\/index.php?rest_route=\/wp\/v2\/media\/124"}],"wp:attachment":[{"href":"https:\/\/yaokaessence.com\/index.php?rest_route=%2Fwp%2Fv2%2Fmedia&parent=81"}],"wp:term":[{"taxonomy":"product_brand","embeddable":true,"href":"https:\/\/yaokaessence.com\/index.php?rest_route=%2Fwp%2Fv2%2Fproduct_brand&post=81"},{"taxonomy":"product_cat","embeddable":true,"href":"https:\/\/yaokaessence.com\/index.php?rest_route=%2Fwp%2Fv2%2Fproduct_cat&post=81"},{"taxonomy":"product_tag","embeddable":true,"href":"https:\/\/yaokaessence.com\/index.php?rest_route=%2Fwp%2Fv2%2Fproduct_tag&post=81"}],"curies":[{"name":"wp","href":"https:\/\/api.w.org\/{rel}","templated":true}]}}