{"id":79,"date":"2025-06-15T19:32:26","date_gmt":"2025-06-15T17:32:26","guid":{"rendered":"https:\/\/yaokaessence.com\/?post_type=product&#038;p=79"},"modified":"2025-06-22T14:20:16","modified_gmt":"2025-06-22T19:20:16","slug":"mayar","status":"publish","type":"product","link":"https:\/\/yaokaessence.com\/?product=mayar","title":{"rendered":"Mayar"},"content":{"rendered":"<p><b>Mayar<\/b>\u00a0de\u00a0<b>Lattafa Perfumes<\/b>\u00a0es una fragancia de la familia olfativa Floral Frutal para Mujeres. Esta fragrancia es nueva.\u00a0<b>Mayar<\/b>\u00a0se lanz\u00f3 en 2022. Las Notas de Salida son lichi, frambuesa y hojas de violeta; las Notas de Coraz\u00f3n son rosa blanca, peon\u00eda y jazm\u00edn; las Notas de Fondo son almizcle y vainilla.<\/p>\n","protected":false},"excerpt":{"rendered":"<p><b>Mayar<\/b>\u00a0de\u00a0<b>Lattafa Perfumes<\/b> <strong>EDP X 100 ML<\/strong><\/p>\n","protected":false},"featured_media":109,"comment_status":"closed","ping_status":"closed","template":"","meta":{"_kad_post_transparent":"","_kad_post_title":"","_kad_post_layout":"","_kad_post_sidebar_id":"","_kad_post_content_style":"","_kad_post_vertical_padding":"","_kad_post_feature":"","_kad_post_feature_position":"","_kad_post_header":false,"_kad_post_footer":false},"product_brand":[],"product_cat":[36,37,38,39,16,17],"product_tag":[],"class_list":{"0":"post-79","1":"product","2":"type-product","3":"status-publish","4":"has-post-thumbnail","6":"product_cat-dulce","7":"product_cat-floral","8":"product_cat-fresco","9":"product_cat-frutal","10":"product_cat-lattafa","11":"product_cat-mujeres","13":"first","14":"instock","15":"sale","16":"sold-individually","17":"shipping-taxable","18":"purchasable","19":"product-type-simple","20":"entry","21":"content-bg","22":"loop-entry"},"_links":{"self":[{"href":"https:\/\/yaokaessence.com\/index.php?rest_route=\/wp\/v2\/product\/79","targetHints":{"allow":["GET"]}}],"collection":[{"href":"https:\/\/yaokaessence.com\/index.php?rest_route=\/wp\/v2\/product"}],"about":[{"href":"https:\/\/yaokaessence.com\/index.php?rest_route=\/wp\/v2\/types\/product"}],"replies":[{"embeddable":true,"href":"https:\/\/yaokaessence.com\/index.php?rest_route=%2Fwp%2Fv2%2Fcomments&post=79"}],"wp:featuredmedia":[{"embeddable":true,"href":"https:\/\/yaokaessence.com\/index.php?rest_route=\/wp\/v2\/media\/109"}],"wp:attachment":[{"href":"https:\/\/yaokaessence.com\/index.php?rest_route=%2Fwp%2Fv2%2Fmedia&parent=79"}],"wp:term":[{"taxonomy":"product_brand","embeddable":true,"href":"https:\/\/yaokaessence.com\/index.php?rest_route=%2Fwp%2Fv2%2Fproduct_brand&post=79"},{"taxonomy":"product_cat","embeddable":true,"href":"https:\/\/yaokaessence.com\/index.php?rest_route=%2Fwp%2Fv2%2Fproduct_cat&post=79"},{"taxonomy":"product_tag","embeddable":true,"href":"https:\/\/yaokaessence.com\/index.php?rest_route=%2Fwp%2Fv2%2Fproduct_tag&post=79"}],"curies":[{"name":"wp","href":"https:\/\/api.w.org\/{rel}","templated":true}]}}