{"id":78,"date":"2025-06-15T19:32:26","date_gmt":"2025-06-15T17:32:26","guid":{"rendered":"https:\/\/yaokaessence.com\/?post_type=product&#038;p=78"},"modified":"2025-06-22T14:16:28","modified_gmt":"2025-06-22T19:16:28","slug":"badee-al-oud-honor-glory","status":"publish","type":"product","link":"https:\/\/yaokaessence.com\/?product=badee-al-oud-honor-glory","title":{"rendered":"Bade&#8217;e Al Oud Honor &#038; Glory\u00a0"},"content":{"rendered":"<p><b>Bade&#8217;e Al Oud Honor &amp; Glory<\/b>\u00a0de\u00a0<b>Lattafa Perfumes<\/b>\u00a0es una fragancia de la familia olfativa para Hombres y Mujeres. Esta fragrancia es nueva.\u00a0<b>Bade&#8217;e Al Oud Honor &amp; Glory<\/b>\u00a0se lanz\u00f3 en 2023. Las Notas de Salida son pi\u00f1a y cr\u00e9me brul\u00e9e; las Notas de Coraz\u00f3n son canela, c\u00farcuma (azafr\u00e1n de la India), pimienta negra y benju\u00ed; las Notas de Fondo son vainilla, s\u00e1ndalo, cachemira y musgo.<\/p>\n","protected":false},"excerpt":{"rendered":"<p><b>Bade&#8217;e Al Oud Honor &amp; Glory<\/b>\u00a0de\u00a0<b>Lattafa Perfumes<\/b><strong> EDP X 100 ML<\/strong><\/p>\n","protected":false},"featured_media":108,"comment_status":"closed","ping_status":"closed","template":"","meta":{"_kad_post_transparent":"","_kad_post_title":"","_kad_post_layout":"","_kad_post_sidebar_id":"","_kad_post_content_style":"","_kad_post_vertical_padding":"","_kad_post_feature":"","_kad_post_feature_position":"","_kad_post_header":false,"_kad_post_footer":false},"product_brand":[],"product_cat":[40,36,42,39,18,16,17,19],"product_tag":[],"class_list":{"0":"post-78","1":"product","2":"type-product","3":"status-publish","4":"has-post-thumbnail","6":"product_cat-avainillado","7":"product_cat-dulce","8":"product_cat-especiado","9":"product_cat-frutal","10":"product_cat-hombres","11":"product_cat-lattafa","12":"product_cat-mujeres","13":"product_cat-unisex","15":"first","16":"instock","17":"sale","18":"sold-individually","19":"shipping-taxable","20":"purchasable","21":"product-type-simple","22":"entry","23":"content-bg","24":"loop-entry"},"_links":{"self":[{"href":"https:\/\/yaokaessence.com\/index.php?rest_route=\/wp\/v2\/product\/78","targetHints":{"allow":["GET"]}}],"collection":[{"href":"https:\/\/yaokaessence.com\/index.php?rest_route=\/wp\/v2\/product"}],"about":[{"href":"https:\/\/yaokaessence.com\/index.php?rest_route=\/wp\/v2\/types\/product"}],"replies":[{"embeddable":true,"href":"https:\/\/yaokaessence.com\/index.php?rest_route=%2Fwp%2Fv2%2Fcomments&post=78"}],"wp:featuredmedia":[{"embeddable":true,"href":"https:\/\/yaokaessence.com\/index.php?rest_route=\/wp\/v2\/media\/108"}],"wp:attachment":[{"href":"https:\/\/yaokaessence.com\/index.php?rest_route=%2Fwp%2Fv2%2Fmedia&parent=78"}],"wp:term":[{"taxonomy":"product_brand","embeddable":true,"href":"https:\/\/yaokaessence.com\/index.php?rest_route=%2Fwp%2Fv2%2Fproduct_brand&post=78"},{"taxonomy":"product_cat","embeddable":true,"href":"https:\/\/yaokaessence.com\/index.php?rest_route=%2Fwp%2Fv2%2Fproduct_cat&post=78"},{"taxonomy":"product_tag","embeddable":true,"href":"https:\/\/yaokaessence.com\/index.php?rest_route=%2Fwp%2Fv2%2Fproduct_tag&post=78"}],"curies":[{"name":"wp","href":"https:\/\/api.w.org\/{rel}","templated":true}]}}