{"id":75,"date":"2025-06-15T19:32:26","date_gmt":"2025-06-15T17:32:26","guid":{"rendered":"https:\/\/yaokaessence.com\/?post_type=product&#038;p=75"},"modified":"2025-06-22T14:19:11","modified_gmt":"2025-06-22T19:19:11","slug":"badee-al-oud-amethyst","status":"publish","type":"product","link":"https:\/\/yaokaessence.com\/?product=badee-al-oud-amethyst","title":{"rendered":"Bade&#8217;e Al Oud Amethyst\u00a0"},"content":{"rendered":"<p><b>Bade&#8217;e Al Oud Amethyst<\/b>\u00a0de\u00a0<b>Lattafa Perfumes<\/b>\u00a0es una fragancia de la familia olfativa Oriental Vainilla para Hombres y Mujeres.\u00a0<b>Bade&#8217;e Al Oud Amethyst<\/b>\u00a0se lanz\u00f3 en 2021. Las Notas de Salida son pimienta rosa y bergamota; las Notas de Coraz\u00f3n son rosa turca, rosa de Bulgaria (rosa Damascena de Bulgaria) y jazm\u00edn; las Notas de Fondo son madera de oud, \u00e1mbar y vainilla.<\/p>\n","protected":false},"excerpt":{"rendered":"<p><b>Bade&#8217;e Al Oud Amethyst<\/b>\u00a0de\u00a0<b>Lattafa Perfumes EDP x 100 ml<\/b><\/p>\n","protected":false},"featured_media":105,"comment_status":"closed","ping_status":"closed","template":"","meta":{"_kad_post_transparent":"","_kad_post_title":"","_kad_post_layout":"","_kad_post_sidebar_id":"","_kad_post_content_style":"","_kad_post_vertical_padding":"","_kad_post_feature":"","_kad_post_feature_position":"","_kad_post_header":false,"_kad_post_footer":false},"product_brand":[],"product_cat":[43,40,42,37,18,16,17,46,19],"product_tag":[],"class_list":{"0":"post-75","1":"product","2":"type-product","3":"status-publish","4":"has-post-thumbnail","6":"product_cat-ambarado","7":"product_cat-avainillado","8":"product_cat-especiado","9":"product_cat-floral","10":"product_cat-hombres","11":"product_cat-lattafa","12":"product_cat-mujeres","13":"product_cat-oud","14":"product_cat-unisex","16":"first","17":"instock","18":"sale","19":"sold-individually","20":"shipping-taxable","21":"purchasable","22":"product-type-simple","23":"entry","24":"content-bg","25":"loop-entry"},"_links":{"self":[{"href":"https:\/\/yaokaessence.com\/index.php?rest_route=\/wp\/v2\/product\/75","targetHints":{"allow":["GET"]}}],"collection":[{"href":"https:\/\/yaokaessence.com\/index.php?rest_route=\/wp\/v2\/product"}],"about":[{"href":"https:\/\/yaokaessence.com\/index.php?rest_route=\/wp\/v2\/types\/product"}],"replies":[{"embeddable":true,"href":"https:\/\/yaokaessence.com\/index.php?rest_route=%2Fwp%2Fv2%2Fcomments&post=75"}],"wp:featuredmedia":[{"embeddable":true,"href":"https:\/\/yaokaessence.com\/index.php?rest_route=\/wp\/v2\/media\/105"}],"wp:attachment":[{"href":"https:\/\/yaokaessence.com\/index.php?rest_route=%2Fwp%2Fv2%2Fmedia&parent=75"}],"wp:term":[{"taxonomy":"product_brand","embeddable":true,"href":"https:\/\/yaokaessence.com\/index.php?rest_route=%2Fwp%2Fv2%2Fproduct_brand&post=75"},{"taxonomy":"product_cat","embeddable":true,"href":"https:\/\/yaokaessence.com\/index.php?rest_route=%2Fwp%2Fv2%2Fproduct_cat&post=75"},{"taxonomy":"product_tag","embeddable":true,"href":"https:\/\/yaokaessence.com\/index.php?rest_route=%2Fwp%2Fv2%2Fproduct_tag&post=75"}],"curies":[{"name":"wp","href":"https:\/\/api.w.org\/{rel}","templated":true}]}}