{"id":70,"date":"2025-06-15T19:32:26","date_gmt":"2025-06-15T17:32:26","guid":{"rendered":"https:\/\/yaokaessence.com\/?post_type=product&#038;p=70"},"modified":"2025-06-21T12:09:06","modified_gmt":"2025-06-21T17:09:06","slug":"ejaazi","status":"publish","type":"product","link":"https:\/\/yaokaessence.com\/?product=ejaazi","title":{"rendered":"Ejaazi\u00a0"},"content":{"rendered":"<p><b>Ejaazi<\/b>\u00a0de\u00a0<b>Lattafa Perfumes<\/b>\u00a0es una fragancia de la familia olfativa Oriental para Hombres y Mujeres.\u00a0<b>Ejaazi<\/b>\u00a0se lanz\u00f3 en 2018. Las Notas de Salida son c\u00edtricos, lavanda, naranja, cardamomo y mirto; las Notas de Coraz\u00f3n son pimienta, pachul\u00ed, lirio de los valles (muguete) y Hoja de la canela; las Notas de Fondo son ambroxan, notas amaderadas, \u00e1mbar, cedro, musgo de roble y vetiver.<\/p>\n","protected":false},"excerpt":{"rendered":"<p><b>Ejaazi<\/b>\u00a0de\u00a0<b>Lattafa EDP x 100 ml<\/b><\/p>\n","protected":false},"featured_media":100,"comment_status":"closed","ping_status":"closed","template":"","meta":{"_kad_post_transparent":"","_kad_post_title":"","_kad_post_layout":"","_kad_post_sidebar_id":"","_kad_post_content_style":"","_kad_post_vertical_padding":"","_kad_post_feature":"","_kad_post_feature_position":"","_kad_post_header":false,"_kad_post_footer":false},"product_brand":[],"product_cat":[18,16,17,19],"product_tag":[],"class_list":{"0":"post-70","1":"product","2":"type-product","3":"status-publish","4":"has-post-thumbnail","6":"product_cat-hombres","7":"product_cat-lattafa","8":"product_cat-mujeres","9":"product_cat-unisex","11":"first","12":"instock","13":"sale","14":"sold-individually","15":"shipping-taxable","16":"purchasable","17":"product-type-simple","18":"entry","19":"content-bg","20":"loop-entry"},"_links":{"self":[{"href":"https:\/\/yaokaessence.com\/index.php?rest_route=\/wp\/v2\/product\/70","targetHints":{"allow":["GET"]}}],"collection":[{"href":"https:\/\/yaokaessence.com\/index.php?rest_route=\/wp\/v2\/product"}],"about":[{"href":"https:\/\/yaokaessence.com\/index.php?rest_route=\/wp\/v2\/types\/product"}],"replies":[{"embeddable":true,"href":"https:\/\/yaokaessence.com\/index.php?rest_route=%2Fwp%2Fv2%2Fcomments&post=70"}],"wp:featuredmedia":[{"embeddable":true,"href":"https:\/\/yaokaessence.com\/index.php?rest_route=\/wp\/v2\/media\/100"}],"wp:attachment":[{"href":"https:\/\/yaokaessence.com\/index.php?rest_route=%2Fwp%2Fv2%2Fmedia&parent=70"}],"wp:term":[{"taxonomy":"product_brand","embeddable":true,"href":"https:\/\/yaokaessence.com\/index.php?rest_route=%2Fwp%2Fv2%2Fproduct_brand&post=70"},{"taxonomy":"product_cat","embeddable":true,"href":"https:\/\/yaokaessence.com\/index.php?rest_route=%2Fwp%2Fv2%2Fproduct_cat&post=70"},{"taxonomy":"product_tag","embeddable":true,"href":"https:\/\/yaokaessence.com\/index.php?rest_route=%2Fwp%2Fv2%2Fproduct_tag&post=70"}],"curies":[{"name":"wp","href":"https:\/\/api.w.org\/{rel}","templated":true}]}}