{"id":423,"date":"2025-06-21T01:31:07","date_gmt":"2025-06-20T23:31:07","guid":{"rendered":"https:\/\/yaokaessence.com\/?post_type=product&#038;p=423"},"modified":"2025-06-22T13:00:43","modified_gmt":"2025-06-22T18:00:43","slug":"eclaire","status":"publish","type":"product","link":"https:\/\/yaokaessence.com\/?product=eclaire","title":{"rendered":"Eclaire"},"content":{"rendered":"<p><b>Eclaire<\/b>\u00a0de\u00a0<b>Lattafa Perfumes<\/b>\u00a0es una fragancia de la familia olfativa Floral Frutal Gourmand para Mujeres. Esta fragrancia es nueva.\u00a0<b>Eclaire<\/b>\u00a0se lanz\u00f3 en 2024. Las Notas de Salida son caramelo, leche y az\u00facar; las Notas de Coraz\u00f3n son miel y flores blancas; las Notas de Fondo son vainilla, pralin\u00e9 y almizcle.<\/p>\n","protected":false},"excerpt":{"rendered":"<p><b>Eclaire<\/b>\u00a0de\u00a0<b>Lattafa<\/b><\/p>\n","protected":false},"featured_media":424,"comment_status":"open","ping_status":"closed","template":"","meta":{"_kad_post_transparent":"default","_kad_post_title":"","_kad_post_layout":"default","_kad_post_sidebar_id":"","_kad_post_content_style":"default","_kad_post_vertical_padding":"default","_kad_post_feature":"","_kad_post_feature_position":"","_kad_post_header":false,"_kad_post_footer":false},"product_brand":[],"product_cat":[16,36,37,39,17],"product_tag":[],"class_list":{"0":"post-423","1":"product","2":"type-product","3":"status-publish","4":"has-post-thumbnail","6":"product_cat-lattafa","7":"product_cat-dulce","8":"product_cat-floral","9":"product_cat-frutal","10":"product_cat-mujeres","12":"first","13":"instock","14":"sale","15":"sold-individually","16":"shipping-taxable","17":"purchasable","18":"product-type-simple","19":"entry","20":"content-bg","21":"loop-entry"},"_links":{"self":[{"href":"https:\/\/yaokaessence.com\/index.php?rest_route=\/wp\/v2\/product\/423","targetHints":{"allow":["GET"]}}],"collection":[{"href":"https:\/\/yaokaessence.com\/index.php?rest_route=\/wp\/v2\/product"}],"about":[{"href":"https:\/\/yaokaessence.com\/index.php?rest_route=\/wp\/v2\/types\/product"}],"replies":[{"embeddable":true,"href":"https:\/\/yaokaessence.com\/index.php?rest_route=%2Fwp%2Fv2%2Fcomments&post=423"}],"wp:featuredmedia":[{"embeddable":true,"href":"https:\/\/yaokaessence.com\/index.php?rest_route=\/wp\/v2\/media\/424"}],"wp:attachment":[{"href":"https:\/\/yaokaessence.com\/index.php?rest_route=%2Fwp%2Fv2%2Fmedia&parent=423"}],"wp:term":[{"taxonomy":"product_brand","embeddable":true,"href":"https:\/\/yaokaessence.com\/index.php?rest_route=%2Fwp%2Fv2%2Fproduct_brand&post=423"},{"taxonomy":"product_cat","embeddable":true,"href":"https:\/\/yaokaessence.com\/index.php?rest_route=%2Fwp%2Fv2%2Fproduct_cat&post=423"},{"taxonomy":"product_tag","embeddable":true,"href":"https:\/\/yaokaessence.com\/index.php?rest_route=%2Fwp%2Fv2%2Fproduct_tag&post=423"}],"curies":[{"name":"wp","href":"https:\/\/api.w.org\/{rel}","templated":true}]}}