{"id":165,"date":"2025-06-15T19:33:52","date_gmt":"2025-06-15T17:33:52","guid":{"rendered":"https:\/\/yaokaessence.com\/?post_type=product&#038;p=165"},"modified":"2025-06-22T13:03:54","modified_gmt":"2025-06-22T18:03:54","slug":"shaheen-gold","status":"publish","type":"product","link":"https:\/\/yaokaessence.com\/?product=shaheen-gold","title":{"rendered":"Shaheen Gold"},"content":{"rendered":"<p><b>Shaheen Gold<\/b>\u00a0de\u00a0<b>Lattafa Perfumes<\/b>\u00a0es una fragancia de la familia olfativa para Hombres y Mujeres.\u00a0<b>Shaheen Gold<\/b>\u00a0se lanz\u00f3 en 2022. Las Notas de Salida son pi\u00f1a y toronja (pomelo); las Notas de Coraz\u00f3n son higo y lavanda; las Notas de Fondo son vainilla, haba tonka y pachul\u00ed.<\/p>\n","protected":false},"excerpt":{"rendered":"<p><b>Shaheen Gold<\/b>\u00a0de\u00a0<b>Lattafa Perfumes<\/b><\/p>\n","protected":false},"featured_media":192,"comment_status":"closed","ping_status":"closed","template":"","meta":{"_kad_post_transparent":"default","_kad_post_title":"","_kad_post_layout":"default","_kad_post_sidebar_id":"","_kad_post_content_style":"default","_kad_post_vertical_padding":"default","_kad_post_feature":"","_kad_post_feature_position":"","_kad_post_header":false,"_kad_post_footer":false},"product_brand":[],"product_cat":[40,36,39,18,16,17,19],"product_tag":[],"class_list":{"0":"post-165","1":"product","2":"type-product","3":"status-publish","4":"has-post-thumbnail","6":"product_cat-avainillado","7":"product_cat-dulce","8":"product_cat-frutal","9":"product_cat-hombres","10":"product_cat-lattafa","11":"product_cat-mujeres","12":"product_cat-unisex","14":"first","15":"instock","16":"sale","17":"sold-individually","18":"shipping-taxable","19":"purchasable","20":"product-type-simple","21":"entry","22":"content-bg","23":"loop-entry"},"_links":{"self":[{"href":"https:\/\/yaokaessence.com\/index.php?rest_route=\/wp\/v2\/product\/165","targetHints":{"allow":["GET"]}}],"collection":[{"href":"https:\/\/yaokaessence.com\/index.php?rest_route=\/wp\/v2\/product"}],"about":[{"href":"https:\/\/yaokaessence.com\/index.php?rest_route=\/wp\/v2\/types\/product"}],"replies":[{"embeddable":true,"href":"https:\/\/yaokaessence.com\/index.php?rest_route=%2Fwp%2Fv2%2Fcomments&post=165"}],"wp:featuredmedia":[{"embeddable":true,"href":"https:\/\/yaokaessence.com\/index.php?rest_route=\/wp\/v2\/media\/192"}],"wp:attachment":[{"href":"https:\/\/yaokaessence.com\/index.php?rest_route=%2Fwp%2Fv2%2Fmedia&parent=165"}],"wp:term":[{"taxonomy":"product_brand","embeddable":true,"href":"https:\/\/yaokaessence.com\/index.php?rest_route=%2Fwp%2Fv2%2Fproduct_brand&post=165"},{"taxonomy":"product_cat","embeddable":true,"href":"https:\/\/yaokaessence.com\/index.php?rest_route=%2Fwp%2Fv2%2Fproduct_cat&post=165"},{"taxonomy":"product_tag","embeddable":true,"href":"https:\/\/yaokaessence.com\/index.php?rest_route=%2Fwp%2Fv2%2Fproduct_tag&post=165"}],"curies":[{"name":"wp","href":"https:\/\/api.w.org\/{rel}","templated":true}]}}