{"id":154,"date":"2025-06-15T19:33:32","date_gmt":"2025-06-15T17:33:32","guid":{"rendered":"https:\/\/yaokaessence.com\/?post_type=product&#038;p=154"},"modified":"2025-06-22T13:07:43","modified_gmt":"2025-06-22T18:07:43","slug":"ameerat-al-arab","status":"publish","type":"product","link":"https:\/\/yaokaessence.com\/?product=ameerat-al-arab","title":{"rendered":"Ameerat Al Arab\u00a0"},"content":{"rendered":"<p><b>Ameerat Al Arab<\/b>\u00a0de\u00a0<b>Asdaaf<\/b>\u00a0es una fragancia de la familia olfativa Floral para Mujeres. Esta fragrancia es nueva.\u00a0<b>Ameerat Al Arab<\/b>\u00a0se lanz\u00f3 en 2022. Las Notas de Salida son c\u00edtricos y bergamota; las Notas de Coraz\u00f3n son almizcle blanco y s\u00e1bila; las Notas de Fondo son jazm\u00edn, almizcle, notas amaderadas y madera de oud.<\/p>\n","protected":false},"excerpt":{"rendered":"<p><b>Ameerat Al Arab<\/b>\u00a0de\u00a0<b>Asdaaf<\/b><\/p>\n","protected":false},"featured_media":190,"comment_status":"closed","ping_status":"closed","template":"","meta":{"_kad_post_transparent":"default","_kad_post_title":"","_kad_post_layout":"default","_kad_post_sidebar_id":"","_kad_post_content_style":"default","_kad_post_vertical_padding":"default","_kad_post_feature":"","_kad_post_feature_position":"","_kad_post_header":false,"_kad_post_footer":false},"product_brand":[],"product_cat":[41,34,37,16,17],"product_tag":[],"class_list":{"0":"post-154","1":"product","2":"type-product","3":"status-publish","4":"has-post-thumbnail","6":"product_cat-almizclado","7":"product_cat-citrico","8":"product_cat-floral","9":"product_cat-lattafa","10":"product_cat-mujeres","12":"first","13":"instock","14":"sale","15":"sold-individually","16":"shipping-taxable","17":"purchasable","18":"product-type-simple","19":"entry","20":"content-bg","21":"loop-entry"},"_links":{"self":[{"href":"https:\/\/yaokaessence.com\/index.php?rest_route=\/wp\/v2\/product\/154","targetHints":{"allow":["GET"]}}],"collection":[{"href":"https:\/\/yaokaessence.com\/index.php?rest_route=\/wp\/v2\/product"}],"about":[{"href":"https:\/\/yaokaessence.com\/index.php?rest_route=\/wp\/v2\/types\/product"}],"replies":[{"embeddable":true,"href":"https:\/\/yaokaessence.com\/index.php?rest_route=%2Fwp%2Fv2%2Fcomments&post=154"}],"wp:featuredmedia":[{"embeddable":true,"href":"https:\/\/yaokaessence.com\/index.php?rest_route=\/wp\/v2\/media\/190"}],"wp:attachment":[{"href":"https:\/\/yaokaessence.com\/index.php?rest_route=%2Fwp%2Fv2%2Fmedia&parent=154"}],"wp:term":[{"taxonomy":"product_brand","embeddable":true,"href":"https:\/\/yaokaessence.com\/index.php?rest_route=%2Fwp%2Fv2%2Fproduct_brand&post=154"},{"taxonomy":"product_cat","embeddable":true,"href":"https:\/\/yaokaessence.com\/index.php?rest_route=%2Fwp%2Fv2%2Fproduct_cat&post=154"},{"taxonomy":"product_tag","embeddable":true,"href":"https:\/\/yaokaessence.com\/index.php?rest_route=%2Fwp%2Fv2%2Fproduct_tag&post=154"}],"curies":[{"name":"wp","href":"https:\/\/api.w.org\/{rel}","templated":true}]}}