{"id":149,"date":"2025-06-15T19:33:32","date_gmt":"2025-06-15T17:33:32","guid":{"rendered":"https:\/\/yaokaessence.com\/?post_type=product&#038;p=149"},"modified":"2025-06-22T13:19:30","modified_gmt":"2025-06-22T18:19:30","slug":"fabulous-life","status":"publish","type":"product","link":"https:\/\/yaokaessence.com\/?product=fabulous-life","title":{"rendered":"Fabulous Life\u00a0"},"content":{"rendered":"<p><b>Fabulous Life<\/b>\u00a0de\u00a0<b>Fragrance World<\/b>\u00a0es una fragancia de la familia olfativa Cuero para Hombres y Mujeres.\u00a0<b>Fabulous Life<\/b>\u00a0se lanz\u00f3 en 2021. Las Notas de Salida son esclarea y lavanda; las Notas de Coraz\u00f3n son almendra amarga, vainilla, cuero y ra\u00edz de lirio; las Notas de Fondo son maderas blancas, haba tonka, cachemira, cuero y \u00e1mbar.<\/p>\n","protected":false},"excerpt":{"rendered":"<p style=\"text-align: left;\"><b>Fabulous Life<\/b>\u00a0de\u00a0<b>Fragrance World<\/b><\/p>\n","protected":false},"featured_media":184,"comment_status":"closed","ping_status":"closed","template":"","meta":{"_kad_post_transparent":"default","_kad_post_title":"","_kad_post_layout":"default","_kad_post_sidebar_id":"","_kad_post_content_style":"default","_kad_post_vertical_padding":"default","_kad_post_feature":"","_kad_post_feature_position":"","_kad_post_header":false,"_kad_post_footer":false},"product_brand":[],"product_cat":[35,20,18,17,19],"product_tag":[],"class_list":{"0":"post-149","1":"product","2":"type-product","3":"status-publish","4":"has-post-thumbnail","6":"product_cat-cuero","7":"product_cat-fragrance-world","8":"product_cat-hombres","9":"product_cat-mujeres","10":"product_cat-unisex","12":"first","13":"instock","14":"sale","15":"sold-individually","16":"shipping-taxable","17":"purchasable","18":"product-type-simple","19":"entry","20":"content-bg","21":"loop-entry"},"_links":{"self":[{"href":"https:\/\/yaokaessence.com\/index.php?rest_route=\/wp\/v2\/product\/149","targetHints":{"allow":["GET"]}}],"collection":[{"href":"https:\/\/yaokaessence.com\/index.php?rest_route=\/wp\/v2\/product"}],"about":[{"href":"https:\/\/yaokaessence.com\/index.php?rest_route=\/wp\/v2\/types\/product"}],"replies":[{"embeddable":true,"href":"https:\/\/yaokaessence.com\/index.php?rest_route=%2Fwp%2Fv2%2Fcomments&post=149"}],"wp:featuredmedia":[{"embeddable":true,"href":"https:\/\/yaokaessence.com\/index.php?rest_route=\/wp\/v2\/media\/184"}],"wp:attachment":[{"href":"https:\/\/yaokaessence.com\/index.php?rest_route=%2Fwp%2Fv2%2Fmedia&parent=149"}],"wp:term":[{"taxonomy":"product_brand","embeddable":true,"href":"https:\/\/yaokaessence.com\/index.php?rest_route=%2Fwp%2Fv2%2Fproduct_brand&post=149"},{"taxonomy":"product_cat","embeddable":true,"href":"https:\/\/yaokaessence.com\/index.php?rest_route=%2Fwp%2Fv2%2Fproduct_cat&post=149"},{"taxonomy":"product_tag","embeddable":true,"href":"https:\/\/yaokaessence.com\/index.php?rest_route=%2Fwp%2Fv2%2Fproduct_tag&post=149"}],"curies":[{"name":"wp","href":"https:\/\/api.w.org\/{rel}","templated":true}]}}