{"id":147,"date":"2025-06-15T19:33:32","date_gmt":"2025-06-15T17:33:32","guid":{"rendered":"https:\/\/yaokaessence.com\/?post_type=product&#038;p=147"},"modified":"2025-06-22T13:20:21","modified_gmt":"2025-06-22T18:20:21","slug":"intense-peach","status":"publish","type":"product","link":"https:\/\/yaokaessence.com\/?product=intense-peach","title":{"rendered":"Intense Peach\u00a0"},"content":{"rendered":"<p><b>Intense Peach<\/b>\u00a0de\u00a0<b>Fragrance World<\/b>\u00a0es una fragancia de la familia olfativa Oriental Vainilla para Hombres y Mujeres.\u00a0<b>Intense Peach<\/b>\u00a0se lanz\u00f3 en 2021. Las Notas de Salida son durazno (melocot\u00f3n), cardamomo, heliotropo y naranja sanguina; las Notas de Coraz\u00f3n son co\u00f1ac, ron, jazm\u00edn y Davana; las Notas de Fondo son s\u00e1ndalo, benju\u00ed, cachemira, styrax, vetiver, hojas de pachul\u00ed de Indonesia, l\u00e1dano, vainilla y haba tonka.<\/p>\n","protected":false},"excerpt":{"rendered":"<p><b>Intense Peach<\/b>\u00a0de\u00a0<b>Fragrance World<\/b><\/p>\n","protected":false},"featured_media":182,"comment_status":"closed","ping_status":"closed","template":"","meta":{"_kad_post_transparent":"default","_kad_post_title":"","_kad_post_layout":"default","_kad_post_sidebar_id":"","_kad_post_content_style":"default","_kad_post_vertical_padding":"default","_kad_post_feature":"","_kad_post_feature_position":"","_kad_post_header":false,"_kad_post_footer":false},"product_brand":[],"product_cat":[43,42,20,18,17,19],"product_tag":[],"class_list":{"0":"post-147","1":"product","2":"type-product","3":"status-publish","4":"has-post-thumbnail","6":"product_cat-ambarado","7":"product_cat-especiado","8":"product_cat-fragrance-world","9":"product_cat-hombres","10":"product_cat-mujeres","11":"product_cat-unisex","13":"first","14":"instock","15":"sale","16":"sold-individually","17":"shipping-taxable","18":"purchasable","19":"product-type-simple","20":"entry","21":"content-bg","22":"loop-entry"},"_links":{"self":[{"href":"https:\/\/yaokaessence.com\/index.php?rest_route=\/wp\/v2\/product\/147","targetHints":{"allow":["GET"]}}],"collection":[{"href":"https:\/\/yaokaessence.com\/index.php?rest_route=\/wp\/v2\/product"}],"about":[{"href":"https:\/\/yaokaessence.com\/index.php?rest_route=\/wp\/v2\/types\/product"}],"replies":[{"embeddable":true,"href":"https:\/\/yaokaessence.com\/index.php?rest_route=%2Fwp%2Fv2%2Fcomments&post=147"}],"wp:featuredmedia":[{"embeddable":true,"href":"https:\/\/yaokaessence.com\/index.php?rest_route=\/wp\/v2\/media\/182"}],"wp:attachment":[{"href":"https:\/\/yaokaessence.com\/index.php?rest_route=%2Fwp%2Fv2%2Fmedia&parent=147"}],"wp:term":[{"taxonomy":"product_brand","embeddable":true,"href":"https:\/\/yaokaessence.com\/index.php?rest_route=%2Fwp%2Fv2%2Fproduct_brand&post=147"},{"taxonomy":"product_cat","embeddable":true,"href":"https:\/\/yaokaessence.com\/index.php?rest_route=%2Fwp%2Fv2%2Fproduct_cat&post=147"},{"taxonomy":"product_tag","embeddable":true,"href":"https:\/\/yaokaessence.com\/index.php?rest_route=%2Fwp%2Fv2%2Fproduct_tag&post=147"}],"curies":[{"name":"wp","href":"https:\/\/api.w.org\/{rel}","templated":true}]}}