{"id":132,"date":"2025-06-15T19:33:09","date_gmt":"2025-06-15T17:33:09","guid":{"rendered":"https:\/\/yaokaessence.com\/?post_type=product&#038;p=132"},"modified":"2025-06-22T13:33:08","modified_gmt":"2025-06-22T18:33:08","slug":"oxana-black","status":"publish","type":"product","link":"https:\/\/yaokaessence.com\/?product=oxana-black","title":{"rendered":"Oxana Black"},"content":{"rendered":"<div class=\"WaaZC\">\n<div class=\"RJPOee EIJn2\">\n<div class=\"rPeykc\" data-hveid=\"CBEQAQ\" data-ved=\"2ahUKEwjHmbDqi9GNAxXobTABHf6kHSUQo_EKegQIERAB\"><span data-huuid=\"12896014580585116660\"><em>AMARAN OXANA BLACK EDP 100 ML<\/em> ES UNA FRAGANCIA INTENSA Y MISTERIOSA CON NOTAS ORIENTALES Y AMADERADAS. IDEAL PARA MUJERES SEGURAS Y SOFISTICADAS. Las notas de Oxana Black son <mark class=\"QVRyCf\">orientales y amaderadas, caracterizadas por una combinaci\u00f3n de notas de salida intensas y especiadas, notas de coraz\u00f3n florales y envolventes, y notas de fondo c\u00e1lidas y dulces<\/mark>.<span class=\"pjBG2e\" data-cid=\"26827f8f-eea6-49a8-82e1-8ff959b9f636\"><span class=\"UV3uM\"> \u00a0<\/span><\/span><\/span><span role=\"heading\" aria-level=\"2\">M\u00e1s concretamente:<\/span> <span data-huuid=\"12896014580585117113\"><strong>Notas de Salida:<\/strong>\u00a0<\/span><span data-huuid=\"12896014580585118842\">Caf\u00e9s intensos y especias que despiertan los sentidos. <\/span><span data-huuid=\"12896014580585118204\"><strong>Notas de Coraz\u00f3n:<\/strong>\u00a0<\/span><span data-huuid=\"12896014580585115837\">Un bouquet floral envolvente que invita a la seducci\u00f3n. <\/span><span data-huuid=\"12896014580585119295\"><strong>Notas de Fondo:<\/strong>\u00a0<\/span><span data-huuid=\"12896014580585116928\">Acordes c\u00e1lidos y dulces que dejan una estela memorable. Se describe a Oxana Black con una estela similar a la de Black Opium de YSL.<span class=\"pjBG2e\" data-cid=\"8d742080-348c-4803-a0b1-be96799a9974\"><span class=\"UV3uM\">\u00a0<\/span><\/span><\/span><\/div>\n<\/div>\n<\/div>\n","protected":false},"excerpt":{"rendered":"<p><span data-huuid=\"12896014580585116660\">Oxana Black de Amaran<\/span><\/p>\n","protected":false},"featured_media":176,"comment_status":"closed","ping_status":"closed","template":"","meta":{"_kad_post_transparent":"default","_kad_post_title":"","_kad_post_layout":"default","_kad_post_sidebar_id":"","_kad_post_content_style":"default","_kad_post_vertical_padding":"default","_kad_post_feature":"","_kad_post_feature_position":"","_kad_post_header":false,"_kad_post_footer":false},"product_brand":[],"product_cat":[22,36,37,17],"product_tag":[],"class_list":{"0":"post-132","1":"product","2":"type-product","3":"status-publish","4":"has-post-thumbnail","6":"product_cat-amaran","7":"product_cat-dulce","8":"product_cat-floral","9":"product_cat-mujeres","11":"first","12":"instock","13":"sale","14":"sold-individually","15":"shipping-taxable","16":"purchasable","17":"product-type-simple","18":"entry","19":"content-bg","20":"loop-entry"},"_links":{"self":[{"href":"https:\/\/yaokaessence.com\/index.php?rest_route=\/wp\/v2\/product\/132","targetHints":{"allow":["GET"]}}],"collection":[{"href":"https:\/\/yaokaessence.com\/index.php?rest_route=\/wp\/v2\/product"}],"about":[{"href":"https:\/\/yaokaessence.com\/index.php?rest_route=\/wp\/v2\/types\/product"}],"replies":[{"embeddable":true,"href":"https:\/\/yaokaessence.com\/index.php?rest_route=%2Fwp%2Fv2%2Fcomments&post=132"}],"wp:featuredmedia":[{"embeddable":true,"href":"https:\/\/yaokaessence.com\/index.php?rest_route=\/wp\/v2\/media\/176"}],"wp:attachment":[{"href":"https:\/\/yaokaessence.com\/index.php?rest_route=%2Fwp%2Fv2%2Fmedia&parent=132"}],"wp:term":[{"taxonomy":"product_brand","embeddable":true,"href":"https:\/\/yaokaessence.com\/index.php?rest_route=%2Fwp%2Fv2%2Fproduct_brand&post=132"},{"taxonomy":"product_cat","embeddable":true,"href":"https:\/\/yaokaessence.com\/index.php?rest_route=%2Fwp%2Fv2%2Fproduct_cat&post=132"},{"taxonomy":"product_tag","embeddable":true,"href":"https:\/\/yaokaessence.com\/index.php?rest_route=%2Fwp%2Fv2%2Fproduct_tag&post=132"}],"curies":[{"name":"wp","href":"https:\/\/api.w.org\/{rel}","templated":true}]}}