{"id":130,"date":"2025-06-15T19:33:09","date_gmt":"2025-06-15T17:33:09","guid":{"rendered":"https:\/\/yaokaessence.com\/?post_type=product&#038;p=130"},"modified":"2025-06-22T13:25:52","modified_gmt":"2025-06-22T18:25:52","slug":"exclusif-oud","status":"publish","type":"product","link":"https:\/\/yaokaessence.com\/?product=exclusif-oud","title":{"rendered":"Exclusif Oud\u00a0"},"content":{"rendered":"<p><b>Exclusif Oud<\/b>\u00a0de\u00a0<b>Maison Alhambra<\/b>\u00a0es una fragancia de la familia olfativa Oriental Floral para Hombres y Mujeres.\u00a0<b>Exclusif Oud<\/b>\u00a0se lanz\u00f3 en 2022. Las Notas de Salida son pimienta negra, cardamomo, azafr\u00e1n y bergamota; las Notas de Coraz\u00f3n son madera de oud, rosa, cuero y jazm\u00edn; las Notas de Fondo son s\u00e1ndalo, vetiver, \u00e1mbar y pachul\u00ed.<\/p>\n","protected":false},"excerpt":{"rendered":"<p><b>Exclusif Oud<\/b>\u00a0de\u00a0<b>Maison Alhambra<\/b><\/p>\n","protected":false},"featured_media":174,"comment_status":"closed","ping_status":"closed","template":"","meta":{"_kad_post_transparent":"default","_kad_post_title":"","_kad_post_layout":"default","_kad_post_sidebar_id":"","_kad_post_content_style":"default","_kad_post_vertical_padding":"default","_kad_post_feature":"","_kad_post_feature_position":"","_kad_post_header":false,"_kad_post_footer":false},"product_brand":[],"product_cat":[42,18,21,17,46,19],"product_tag":[],"class_list":{"0":"post-130","1":"product","2":"type-product","3":"status-publish","4":"has-post-thumbnail","6":"product_cat-especiado","7":"product_cat-hombres","8":"product_cat-maison-alhambra","9":"product_cat-mujeres","10":"product_cat-oud","11":"product_cat-unisex","13":"first","14":"instock","15":"sale","16":"sold-individually","17":"shipping-taxable","18":"purchasable","19":"product-type-simple","20":"entry","21":"content-bg","22":"loop-entry"},"_links":{"self":[{"href":"https:\/\/yaokaessence.com\/index.php?rest_route=\/wp\/v2\/product\/130","targetHints":{"allow":["GET"]}}],"collection":[{"href":"https:\/\/yaokaessence.com\/index.php?rest_route=\/wp\/v2\/product"}],"about":[{"href":"https:\/\/yaokaessence.com\/index.php?rest_route=\/wp\/v2\/types\/product"}],"replies":[{"embeddable":true,"href":"https:\/\/yaokaessence.com\/index.php?rest_route=%2Fwp%2Fv2%2Fcomments&post=130"}],"wp:featuredmedia":[{"embeddable":true,"href":"https:\/\/yaokaessence.com\/index.php?rest_route=\/wp\/v2\/media\/174"}],"wp:attachment":[{"href":"https:\/\/yaokaessence.com\/index.php?rest_route=%2Fwp%2Fv2%2Fmedia&parent=130"}],"wp:term":[{"taxonomy":"product_brand","embeddable":true,"href":"https:\/\/yaokaessence.com\/index.php?rest_route=%2Fwp%2Fv2%2Fproduct_brand&post=130"},{"taxonomy":"product_cat","embeddable":true,"href":"https:\/\/yaokaessence.com\/index.php?rest_route=%2Fwp%2Fv2%2Fproduct_cat&post=130"},{"taxonomy":"product_tag","embeddable":true,"href":"https:\/\/yaokaessence.com\/index.php?rest_route=%2Fwp%2Fv2%2Fproduct_tag&post=130"}],"curies":[{"name":"wp","href":"https:\/\/api.w.org\/{rel}","templated":true}]}}