{"id":129,"date":"2025-06-15T19:33:09","date_gmt":"2025-06-15T17:33:09","guid":{"rendered":"https:\/\/yaokaessence.com\/?post_type=product&#038;p=129"},"modified":"2025-06-22T13:29:56","modified_gmt":"2025-06-22T18:29:56","slug":"exclusif-saffron","status":"publish","type":"product","link":"https:\/\/yaokaessence.com\/?product=exclusif-saffron","title":{"rendered":"Exclusif Saffron\u00a0"},"content":{"rendered":"<p><b>Exclusif Saffron<\/b>\u00a0de\u00a0<b>Maison Alhambra<\/b>\u00a0es una fragancia de la familia olfativa Oriental Especiada para Hombres y Mujeres.\u00a0<b>Exclusif Saffron<\/b> se lanz\u00f3 en 2022. Notas de salida : Azafr\u00e1n, grosella negra, haba tonka. Nota de coraz\u00f3n: Rosa, Iris. Nota de fondo: Cuero, madera de guayaco, vainilla.<\/p>\n","protected":false},"excerpt":{"rendered":"<p><b>Exclusif Saffron<\/b>\u00a0de\u00a0<b>Maison Alhambra<\/b><\/p>\n","protected":false},"featured_media":173,"comment_status":"closed","ping_status":"closed","template":"","meta":{"_kad_post_transparent":"default","_kad_post_title":"","_kad_post_layout":"default","_kad_post_sidebar_id":"","_kad_post_content_style":"default","_kad_post_vertical_padding":"default","_kad_post_feature":"","_kad_post_feature_position":"","_kad_post_header":false,"_kad_post_footer":false},"product_brand":[],"product_cat":[35,42,18,21,17,19],"product_tag":[],"class_list":{"0":"post-129","1":"product","2":"type-product","3":"status-publish","4":"has-post-thumbnail","6":"product_cat-cuero","7":"product_cat-especiado","8":"product_cat-hombres","9":"product_cat-maison-alhambra","10":"product_cat-mujeres","11":"product_cat-unisex","13":"first","14":"instock","15":"sale","16":"sold-individually","17":"shipping-taxable","18":"purchasable","19":"product-type-simple","20":"entry","21":"content-bg","22":"loop-entry"},"_links":{"self":[{"href":"https:\/\/yaokaessence.com\/index.php?rest_route=\/wp\/v2\/product\/129","targetHints":{"allow":["GET"]}}],"collection":[{"href":"https:\/\/yaokaessence.com\/index.php?rest_route=\/wp\/v2\/product"}],"about":[{"href":"https:\/\/yaokaessence.com\/index.php?rest_route=\/wp\/v2\/types\/product"}],"replies":[{"embeddable":true,"href":"https:\/\/yaokaessence.com\/index.php?rest_route=%2Fwp%2Fv2%2Fcomments&post=129"}],"wp:featuredmedia":[{"embeddable":true,"href":"https:\/\/yaokaessence.com\/index.php?rest_route=\/wp\/v2\/media\/173"}],"wp:attachment":[{"href":"https:\/\/yaokaessence.com\/index.php?rest_route=%2Fwp%2Fv2%2Fmedia&parent=129"}],"wp:term":[{"taxonomy":"product_brand","embeddable":true,"href":"https:\/\/yaokaessence.com\/index.php?rest_route=%2Fwp%2Fv2%2Fproduct_brand&post=129"},{"taxonomy":"product_cat","embeddable":true,"href":"https:\/\/yaokaessence.com\/index.php?rest_route=%2Fwp%2Fv2%2Fproduct_cat&post=129"},{"taxonomy":"product_tag","embeddable":true,"href":"https:\/\/yaokaessence.com\/index.php?rest_route=%2Fwp%2Fv2%2Fproduct_tag&post=129"}],"curies":[{"name":"wp","href":"https:\/\/api.w.org\/{rel}","templated":true}]}}