{"id":123,"date":"2025-06-15T19:32:49","date_gmt":"2025-06-15T17:32:49","guid":{"rendered":"https:\/\/yaokaessence.com\/?post_type=product&#038;p=123"},"modified":"2025-06-22T13:52:19","modified_gmt":"2025-06-22T18:52:19","slug":"the-artist-no-2","status":"publish","type":"product","link":"https:\/\/yaokaessence.com\/?product=the-artist-no-2","title":{"rendered":"The Artist No. 2\u00a0"},"content":{"rendered":"<p><b>The Artist No. 2<\/b>\u00a0de\u00a0<b>Maison Alhambra<\/b>\u00a0es una fragancia de la familia olfativa Amaderada Arom\u00e1tica para Hombres y Mujeres.\u00a0<b>The Artist No. 2<\/b>\u00a0se lanz\u00f3 en 2022. Las Notas de Salida son rosa y azafr\u00e1n; la Nota de Coraz\u00f3n es madera de oud; las Notas de Fondo son incienso de ol\u00edbano (franquincienso) y s\u00e1ndalo.<\/p>\n","protected":false},"excerpt":{"rendered":"<p><b>The Artist No. 2<\/b>\u00a0de\u00a0<b>Maison Alhambra<\/b><\/p>\n","protected":false},"featured_media":172,"comment_status":"closed","ping_status":"closed","template":"","meta":{"_kad_post_transparent":"","_kad_post_title":"","_kad_post_layout":"","_kad_post_sidebar_id":"","_kad_post_content_style":"","_kad_post_vertical_padding":"","_kad_post_feature":"","_kad_post_feature_position":"","_kad_post_header":false,"_kad_post_footer":false},"product_brand":[],"product_cat":[42,37,18,21,17,46,19],"product_tag":[],"class_list":{"0":"post-123","1":"product","2":"type-product","3":"status-publish","4":"has-post-thumbnail","6":"product_cat-especiado","7":"product_cat-floral","8":"product_cat-hombres","9":"product_cat-maison-alhambra","10":"product_cat-mujeres","11":"product_cat-oud","12":"product_cat-unisex","14":"first","15":"instock","16":"sale","17":"sold-individually","18":"shipping-taxable","19":"purchasable","20":"product-type-simple","21":"entry","22":"content-bg","23":"loop-entry"},"_links":{"self":[{"href":"https:\/\/yaokaessence.com\/index.php?rest_route=\/wp\/v2\/product\/123","targetHints":{"allow":["GET"]}}],"collection":[{"href":"https:\/\/yaokaessence.com\/index.php?rest_route=\/wp\/v2\/product"}],"about":[{"href":"https:\/\/yaokaessence.com\/index.php?rest_route=\/wp\/v2\/types\/product"}],"replies":[{"embeddable":true,"href":"https:\/\/yaokaessence.com\/index.php?rest_route=%2Fwp%2Fv2%2Fcomments&post=123"}],"wp:featuredmedia":[{"embeddable":true,"href":"https:\/\/yaokaessence.com\/index.php?rest_route=\/wp\/v2\/media\/172"}],"wp:attachment":[{"href":"https:\/\/yaokaessence.com\/index.php?rest_route=%2Fwp%2Fv2%2Fmedia&parent=123"}],"wp:term":[{"taxonomy":"product_brand","embeddable":true,"href":"https:\/\/yaokaessence.com\/index.php?rest_route=%2Fwp%2Fv2%2Fproduct_brand&post=123"},{"taxonomy":"product_cat","embeddable":true,"href":"https:\/\/yaokaessence.com\/index.php?rest_route=%2Fwp%2Fv2%2Fproduct_cat&post=123"},{"taxonomy":"product_tag","embeddable":true,"href":"https:\/\/yaokaessence.com\/index.php?rest_route=%2Fwp%2Fv2%2Fproduct_tag&post=123"}],"curies":[{"name":"wp","href":"https:\/\/api.w.org\/{rel}","templated":true}]}}