{"id":121,"date":"2025-06-15T19:32:49","date_gmt":"2025-06-15T17:32:49","guid":{"rendered":"https:\/\/yaokaessence.com\/?post_type=product&#038;p=121"},"modified":"2025-06-22T13:38:14","modified_gmt":"2025-06-22T18:38:14","slug":"opulent-musk","status":"publish","type":"product","link":"https:\/\/yaokaessence.com\/?product=opulent-musk","title":{"rendered":"Opulent Musk\u00a0"},"content":{"rendered":"<p><b>Opulent Musk<\/b>\u00a0de\u00a0<b>Lattafa Perfumes<\/b>\u00a0es una fragancia de la familia olfativa Oriental para Mujeres.\u00a0<b>Opulent Musk<\/b>\u00a0se lanz\u00f3 en 2019. Las Notas de Salida son almizcle blanco, azafr\u00e1n y lim\u00f3n (lima \u00e1cida); las Notas de Coraz\u00f3n son flores blancas y jazm\u00edn; las Notas de Fondo son almizcle blanco, cedro, \u00e1mbar, resina y resina de abeto<\/p>\n","protected":false},"excerpt":{"rendered":"<p><b>Opulent Musk<\/b>\u00a0de\u00a0<b>Lattafa Perfumes<\/b><\/p>\n","protected":false},"featured_media":170,"comment_status":"closed","ping_status":"closed","template":"","meta":{"_kad_post_transparent":"default","_kad_post_title":"","_kad_post_layout":"default","_kad_post_sidebar_id":"","_kad_post_content_style":"default","_kad_post_vertical_padding":"default","_kad_post_feature":"","_kad_post_feature_position":"","_kad_post_header":false,"_kad_post_footer":false},"product_brand":[],"product_cat":[41,16,17],"product_tag":[],"class_list":{"0":"post-121","1":"product","2":"type-product","3":"status-publish","4":"has-post-thumbnail","6":"product_cat-almizclado","7":"product_cat-lattafa","8":"product_cat-mujeres","10":"first","11":"instock","12":"sale","13":"sold-individually","14":"shipping-taxable","15":"purchasable","16":"product-type-simple","17":"entry","18":"content-bg","19":"loop-entry"},"_links":{"self":[{"href":"https:\/\/yaokaessence.com\/index.php?rest_route=\/wp\/v2\/product\/121","targetHints":{"allow":["GET"]}}],"collection":[{"href":"https:\/\/yaokaessence.com\/index.php?rest_route=\/wp\/v2\/product"}],"about":[{"href":"https:\/\/yaokaessence.com\/index.php?rest_route=\/wp\/v2\/types\/product"}],"replies":[{"embeddable":true,"href":"https:\/\/yaokaessence.com\/index.php?rest_route=%2Fwp%2Fv2%2Fcomments&post=121"}],"wp:featuredmedia":[{"embeddable":true,"href":"https:\/\/yaokaessence.com\/index.php?rest_route=\/wp\/v2\/media\/170"}],"wp:attachment":[{"href":"https:\/\/yaokaessence.com\/index.php?rest_route=%2Fwp%2Fv2%2Fmedia&parent=121"}],"wp:term":[{"taxonomy":"product_brand","embeddable":true,"href":"https:\/\/yaokaessence.com\/index.php?rest_route=%2Fwp%2Fv2%2Fproduct_brand&post=121"},{"taxonomy":"product_cat","embeddable":true,"href":"https:\/\/yaokaessence.com\/index.php?rest_route=%2Fwp%2Fv2%2Fproduct_cat&post=121"},{"taxonomy":"product_tag","embeddable":true,"href":"https:\/\/yaokaessence.com\/index.php?rest_route=%2Fwp%2Fv2%2Fproduct_tag&post=121"}],"curies":[{"name":"wp","href":"https:\/\/api.w.org\/{rel}","templated":true}]}}