{"id":120,"date":"2025-06-15T19:32:49","date_gmt":"2025-06-15T17:32:49","guid":{"rendered":"https:\/\/yaokaessence.com\/?post_type=product&#038;p=120"},"modified":"2025-06-22T13:49:44","modified_gmt":"2025-06-22T18:49:44","slug":"encode-blue","status":"publish","type":"product","link":"https:\/\/yaokaessence.com\/?product=encode-blue","title":{"rendered":"Encode Blue\u00a0"},"content":{"rendered":"<p><b>Encode Blue<\/b>\u00a0de\u00a0<b>Maison Alhambra<\/b>\u00a0es una fragancia de la familia olfativa Arom\u00e1tica Acu\u00e1tica para Hombres.\u00a0<b>Encode Blue<\/b>\u00a0se lanz\u00f3 en 2023. Las Notas de Salida son frutas ex\u00f3ticas, bergamota y pimienta rosa; las Notas de Coraz\u00f3n son Notas marinas y \u00e1mbar gris; las Notas de Fondo son notas amaderadas, cuero y pachul\u00ed.<\/p>\n","protected":false},"excerpt":{"rendered":"<p><b>Encode Blue<\/b>\u00a0de\u00a0<b>Maison Alhambra<\/b><\/p>\n","protected":false},"featured_media":169,"comment_status":"closed","ping_status":"closed","template":"","meta":{"_kad_post_transparent":"default","_kad_post_title":"","_kad_post_layout":"default","_kad_post_sidebar_id":"","_kad_post_content_style":"default","_kad_post_vertical_padding":"default","_kad_post_feature":"","_kad_post_feature_position":"","_kad_post_header":false,"_kad_post_footer":false},"product_brand":[],"product_cat":[53,34,39,18,21],"product_tag":[],"class_list":{"0":"post-120","1":"product","2":"type-product","3":"status-publish","4":"has-post-thumbnail","6":"product_cat-acuatica","7":"product_cat-citrico","8":"product_cat-frutal","9":"product_cat-hombres","10":"product_cat-maison-alhambra","12":"first","13":"instock","14":"sale","15":"sold-individually","16":"shipping-taxable","17":"purchasable","18":"product-type-simple","19":"entry","20":"content-bg","21":"loop-entry"},"_links":{"self":[{"href":"https:\/\/yaokaessence.com\/index.php?rest_route=\/wp\/v2\/product\/120","targetHints":{"allow":["GET"]}}],"collection":[{"href":"https:\/\/yaokaessence.com\/index.php?rest_route=\/wp\/v2\/product"}],"about":[{"href":"https:\/\/yaokaessence.com\/index.php?rest_route=\/wp\/v2\/types\/product"}],"replies":[{"embeddable":true,"href":"https:\/\/yaokaessence.com\/index.php?rest_route=%2Fwp%2Fv2%2Fcomments&post=120"}],"wp:featuredmedia":[{"embeddable":true,"href":"https:\/\/yaokaessence.com\/index.php?rest_route=\/wp\/v2\/media\/169"}],"wp:attachment":[{"href":"https:\/\/yaokaessence.com\/index.php?rest_route=%2Fwp%2Fv2%2Fmedia&parent=120"}],"wp:term":[{"taxonomy":"product_brand","embeddable":true,"href":"https:\/\/yaokaessence.com\/index.php?rest_route=%2Fwp%2Fv2%2Fproduct_brand&post=120"},{"taxonomy":"product_cat","embeddable":true,"href":"https:\/\/yaokaessence.com\/index.php?rest_route=%2Fwp%2Fv2%2Fproduct_cat&post=120"},{"taxonomy":"product_tag","embeddable":true,"href":"https:\/\/yaokaessence.com\/index.php?rest_route=%2Fwp%2Fv2%2Fproduct_tag&post=120"}],"curies":[{"name":"wp","href":"https:\/\/api.w.org\/{rel}","templated":true}]}}