{"id":119,"date":"2025-06-15T19:32:49","date_gmt":"2025-06-15T17:32:49","guid":{"rendered":"https:\/\/yaokaessence.com\/?post_type=product&#038;p=119"},"modified":"2025-06-22T13:47:07","modified_gmt":"2025-06-22T18:47:07","slug":"sutoor","status":"publish","type":"product","link":"https:\/\/yaokaessence.com\/?product=sutoor","title":{"rendered":"Sutoor\u00a0"},"content":{"rendered":"<p><b>Sutoor<\/b>\u00a0de\u00a0<b>Lattafa Perfumes<\/b>\u00a0es una fragancia de la familia olfativa para Mujeres. Esta fragrancia es nueva.\u00a0<b>Sutoor<\/b>\u00a0se lanz\u00f3 en 2022. Las Notas de Salida son durazno (melocot\u00f3n), cardamomo, naranja sanguina y heliotropo; las Notas de Coraz\u00f3n son ron, brandi, Davana y jazm\u00edn; las Notas de Fondo son vainilla, benju\u00ed, madera de cachemira, s\u00e1ndalo, haba tonka, styrax, vetiver, l\u00e1dano y pachul\u00ed.<\/p>\n","protected":false},"excerpt":{"rendered":"<p><b>Sutoor<\/b>\u00a0de\u00a0<b>Lattafa Perfumes<\/b><\/p>\n","protected":false},"featured_media":168,"comment_status":"closed","ping_status":"closed","template":"","meta":{"_kad_post_transparent":"","_kad_post_title":"","_kad_post_layout":"","_kad_post_sidebar_id":"","_kad_post_content_style":"","_kad_post_vertical_padding":"","_kad_post_feature":"","_kad_post_feature_position":"","_kad_post_header":false,"_kad_post_footer":false},"product_brand":[],"product_cat":[43,42,16,17],"product_tag":[],"class_list":{"0":"post-119","1":"product","2":"type-product","3":"status-publish","4":"has-post-thumbnail","6":"product_cat-ambarado","7":"product_cat-especiado","8":"product_cat-lattafa","9":"product_cat-mujeres","11":"first","12":"instock","13":"sale","14":"sold-individually","15":"shipping-taxable","16":"purchasable","17":"product-type-simple","18":"entry","19":"content-bg","20":"loop-entry"},"_links":{"self":[{"href":"https:\/\/yaokaessence.com\/index.php?rest_route=\/wp\/v2\/product\/119","targetHints":{"allow":["GET"]}}],"collection":[{"href":"https:\/\/yaokaessence.com\/index.php?rest_route=\/wp\/v2\/product"}],"about":[{"href":"https:\/\/yaokaessence.com\/index.php?rest_route=\/wp\/v2\/types\/product"}],"replies":[{"embeddable":true,"href":"https:\/\/yaokaessence.com\/index.php?rest_route=%2Fwp%2Fv2%2Fcomments&post=119"}],"wp:featuredmedia":[{"embeddable":true,"href":"https:\/\/yaokaessence.com\/index.php?rest_route=\/wp\/v2\/media\/168"}],"wp:attachment":[{"href":"https:\/\/yaokaessence.com\/index.php?rest_route=%2Fwp%2Fv2%2Fmedia&parent=119"}],"wp:term":[{"taxonomy":"product_brand","embeddable":true,"href":"https:\/\/yaokaessence.com\/index.php?rest_route=%2Fwp%2Fv2%2Fproduct_brand&post=119"},{"taxonomy":"product_cat","embeddable":true,"href":"https:\/\/yaokaessence.com\/index.php?rest_route=%2Fwp%2Fv2%2Fproduct_cat&post=119"},{"taxonomy":"product_tag","embeddable":true,"href":"https:\/\/yaokaessence.com\/index.php?rest_route=%2Fwp%2Fv2%2Fproduct_tag&post=119"}],"curies":[{"name":"wp","href":"https:\/\/api.w.org\/{rel}","templated":true}]}}