{"id":116,"date":"2025-06-15T19:32:49","date_gmt":"2025-06-15T17:32:49","guid":{"rendered":"https:\/\/yaokaessence.com\/?post_type=product&#038;p=116"},"modified":"2025-06-22T13:43:52","modified_gmt":"2025-06-22T18:43:52","slug":"al-khaleej-rouge","status":"publish","type":"product","link":"https:\/\/yaokaessence.com\/?product=al-khaleej-rouge","title":{"rendered":"Al Khaleej Rouge"},"content":{"rendered":"<p><span class=\"oXzekf\" data-huuid=\"4800393580465903286\"><strong>Zakat al Khaleej Rouge<\/strong> es un\u00a0<mark class=\"QVRyCf\">perfume unisex de la marca Zakat, clasificado como floral ambarino<\/mark>.\u00a0<\/span><span class=\"oXzekf\" data-huuid=\"4800393580465902799\">Est\u00e1 disponible en formato spray de 3.4 oz\/100ml en formato EDP.\u00a0<\/span><span class=\"oXzekf\" data-huuid=\"4800393580465902312\">Es conocido por sus aromas ex\u00f3ticos y sofisticados que combinan tradici\u00f3n y modernidad, ofreciendo una experiencia olfativa \u00fanica.<span class=\"pjBG2e\" data-cid=\"0a7566d7-b6ad-407a-8551-a7c0849e6479\"><span class=\"UV3uM\">\u00a0<\/span><\/span><\/span><\/p>\n","protected":false},"excerpt":{"rendered":"<p><span class=\"oXzekf\" data-huuid=\"4800393580465903286\"><strong>Zakat al Khaleej Rouge<\/strong><\/span><\/p>\n","protected":false},"featured_media":162,"comment_status":"closed","ping_status":"closed","template":"","meta":{"_kad_post_transparent":"","_kad_post_title":"","_kad_post_layout":"","_kad_post_sidebar_id":"","_kad_post_content_style":"","_kad_post_vertical_padding":"","_kad_post_feature":"","_kad_post_feature_position":"","_kad_post_header":false,"_kad_post_footer":false},"product_brand":[],"product_cat":[37,38,18,17,19,23],"product_tag":[],"class_list":{"0":"post-116","1":"product","2":"type-product","3":"status-publish","4":"has-post-thumbnail","6":"product_cat-floral","7":"product_cat-fresco","8":"product_cat-hombres","9":"product_cat-mujeres","10":"product_cat-unisex","11":"product_cat-zakat","13":"first","14":"instock","15":"sale","16":"sold-individually","17":"shipping-taxable","18":"purchasable","19":"product-type-simple","20":"entry","21":"content-bg","22":"loop-entry"},"_links":{"self":[{"href":"https:\/\/yaokaessence.com\/index.php?rest_route=\/wp\/v2\/product\/116","targetHints":{"allow":["GET"]}}],"collection":[{"href":"https:\/\/yaokaessence.com\/index.php?rest_route=\/wp\/v2\/product"}],"about":[{"href":"https:\/\/yaokaessence.com\/index.php?rest_route=\/wp\/v2\/types\/product"}],"replies":[{"embeddable":true,"href":"https:\/\/yaokaessence.com\/index.php?rest_route=%2Fwp%2Fv2%2Fcomments&post=116"}],"wp:featuredmedia":[{"embeddable":true,"href":"https:\/\/yaokaessence.com\/index.php?rest_route=\/wp\/v2\/media\/162"}],"wp:attachment":[{"href":"https:\/\/yaokaessence.com\/index.php?rest_route=%2Fwp%2Fv2%2Fmedia&parent=116"}],"wp:term":[{"taxonomy":"product_brand","embeddable":true,"href":"https:\/\/yaokaessence.com\/index.php?rest_route=%2Fwp%2Fv2%2Fproduct_brand&post=116"},{"taxonomy":"product_cat","embeddable":true,"href":"https:\/\/yaokaessence.com\/index.php?rest_route=%2Fwp%2Fv2%2Fproduct_cat&post=116"},{"taxonomy":"product_tag","embeddable":true,"href":"https:\/\/yaokaessence.com\/index.php?rest_route=%2Fwp%2Fv2%2Fproduct_tag&post=116"}],"curies":[{"name":"wp","href":"https:\/\/api.w.org\/{rel}","templated":true}]}}