{"id":111,"date":"2025-06-15T19:32:48","date_gmt":"2025-06-15T17:32:48","guid":{"rendered":"https:\/\/yaokaessence.com\/?post_type=product&#038;p=111"},"modified":"2025-06-22T13:55:49","modified_gmt":"2025-06-22T18:55:49","slug":"jean-lowe-matiere","status":"publish","type":"product","link":"https:\/\/yaokaessence.com\/?product=jean-lowe-matiere","title":{"rendered":"Jean Lowe Mati\u00e8re\u00a0"},"content":{"rendered":"<p><b>Jean Lowe Mati\u00e8re<\/b>\u00a0de\u00a0<b>Maison Alhambra<\/b>\u00a0es una fragancia de la familia olfativa Floral para Mujeres.\u00a0<b>Jean Lowe Mati\u00e8re<\/b>\u00a0se lanz\u00f3 en 2022. Las Notas de Salida son narciso y jazm\u00edn; las Notas de Coraz\u00f3n son rosa y ciclamen (violeta persa); las Notas de Fondo son madera de oud, Incienso y pachul\u00ed.<\/p>\n","protected":false},"excerpt":{"rendered":"<p><b>Jean Lowe Mati\u00e8re<\/b>\u00a0de\u00a0<b>Maison Alhambra<\/b><\/p>\n","protected":false},"featured_media":157,"comment_status":"closed","ping_status":"closed","template":"","meta":{"_kad_post_transparent":"","_kad_post_title":"","_kad_post_layout":"","_kad_post_sidebar_id":"","_kad_post_content_style":"","_kad_post_vertical_padding":"","_kad_post_feature":"","_kad_post_feature_position":"","_kad_post_header":false,"_kad_post_footer":false},"product_brand":[],"product_cat":[43,37,21,17,46,51],"product_tag":[],"class_list":{"0":"post-111","1":"product","2":"type-product","3":"status-publish","4":"has-post-thumbnail","6":"product_cat-ambarado","7":"product_cat-floral","8":"product_cat-maison-alhambra","9":"product_cat-mujeres","10":"product_cat-oud","11":"product_cat-pachuli","13":"first","14":"instock","15":"sale","16":"sold-individually","17":"shipping-taxable","18":"purchasable","19":"product-type-simple","20":"entry","21":"content-bg","22":"loop-entry"},"_links":{"self":[{"href":"https:\/\/yaokaessence.com\/index.php?rest_route=\/wp\/v2\/product\/111","targetHints":{"allow":["GET"]}}],"collection":[{"href":"https:\/\/yaokaessence.com\/index.php?rest_route=\/wp\/v2\/product"}],"about":[{"href":"https:\/\/yaokaessence.com\/index.php?rest_route=\/wp\/v2\/types\/product"}],"replies":[{"embeddable":true,"href":"https:\/\/yaokaessence.com\/index.php?rest_route=%2Fwp%2Fv2%2Fcomments&post=111"}],"wp:featuredmedia":[{"embeddable":true,"href":"https:\/\/yaokaessence.com\/index.php?rest_route=\/wp\/v2\/media\/157"}],"wp:attachment":[{"href":"https:\/\/yaokaessence.com\/index.php?rest_route=%2Fwp%2Fv2%2Fmedia&parent=111"}],"wp:term":[{"taxonomy":"product_brand","embeddable":true,"href":"https:\/\/yaokaessence.com\/index.php?rest_route=%2Fwp%2Fv2%2Fproduct_brand&post=111"},{"taxonomy":"product_cat","embeddable":true,"href":"https:\/\/yaokaessence.com\/index.php?rest_route=%2Fwp%2Fv2%2Fproduct_cat&post=111"},{"taxonomy":"product_tag","embeddable":true,"href":"https:\/\/yaokaessence.com\/index.php?rest_route=%2Fwp%2Fv2%2Fproduct_tag&post=111"}],"curies":[{"name":"wp","href":"https:\/\/api.w.org\/{rel}","templated":true}]}}